{"id":1067,"date":"2020-01-18T19:01:20","date_gmt":"2020-01-18T19:01:20","guid":{"rendered":"https:\/\/makedoniapalaceboat.gr\/reservation\/"},"modified":"2026-01-27T11:12:25","modified_gmt":"2026-01-27T09:12:25","slug":"rezervare","status":"publish","type":"page","link":"https:\/\/makedoniapalaceboat.gr\/ro\/rezervare\/","title":{"rendered":"Rezervare"},"content":{"rendered":"","protected":false},"excerpt":{"rendered":"","protected":false},"author":1,"featured_media":716,"parent":0,"menu_order":0,"comment_status":"closed","ping_status":"closed","template":"","meta":{"footnotes":""},"yoast_head":"<!-- This site is optimized with the Yoast SEO plugin v16.4 - https:\/\/yoast.com\/wordpress\/plugins\/seo\/ -->\n<title>Rezervare - Makedonia Palace Boat - Lefkada Daily Cruises<\/title>\n<meta name=\"description\" content=\"Rezervarea croazierei Lefkada Daily. Palatul Makedonia v\u0103 ofer\u0103 cea mai bun\u0103 croazier\u0103 zilnic\u0103 la Marea Ionic\u0103. Cu mai mult de 35 de ani de experien\u021b\u0103!\" \/>\n<meta name=\"robots\" content=\"index, follow, max-snippet:-1, max-image-preview:large, max-video-preview:-1\" \/>\n<link rel=\"canonical\" href=\"https:\/\/makedoniapalaceboat.gr\/ro\/rezervare\/\" \/>\n<meta property=\"og:locale\" content=\"ro_RO\" \/>\n<meta property=\"og:type\" content=\"article\" \/>\n<meta property=\"og:title\" content=\"Rezervare - Makedonia Palace Boat - Lefkada Daily Cruises\" \/>\n<meta property=\"og:description\" content=\"Rezervarea croazierei Lefkada Daily. Palatul Makedonia v\u0103 ofer\u0103 cea mai bun\u0103 croazier\u0103 zilnic\u0103 la Marea Ionic\u0103. Cu mai mult de 35 de ani de experien\u021b\u0103!\" \/>\n<meta property=\"og:url\" content=\"https:\/\/makedoniapalaceboat.gr\/ro\/rezervare\/\" \/>\n<meta property=\"og:site_name\" content=\"Makedonia Palace Boat - Lefkada Daily Cruises\" \/>\n<meta property=\"article:modified_time\" content=\"2026-01-27T09:12:25+00:00\" \/>\n<meta property=\"og:image\" content=\"https:\/\/makedoniapalaceboat.gr\/wp-content\/uploads\/2020\/01\/lefkascruises-2018-makedonia-palace-porto-katsiki.jpg\" \/>\n\t<meta property=\"og:image:width\" content=\"1918\" \/>\n\t<meta property=\"og:image:height\" content=\"1078\" \/>\n<meta name=\"twitter:card\" content=\"summary_large_image\" \/>\n<script type=\"application\/ld+json\" class=\"yoast-schema-graph\">{\"@context\":\"https:\/\/schema.org\",\"@graph\":[{\"@type\":\"WebSite\",\"@id\":\"https:\/\/makedoniapalaceboat.gr\/ro\/#website\",\"url\":\"https:\/\/makedoniapalaceboat.gr\/ro\/\",\"name\":\"Makedonia Palace Boat - Lefkada Daily Cruises\",\"description\":\"Makedonia Palace Boat - Lefkada Daily Cruises\",\"potentialAction\":[{\"@type\":\"SearchAction\",\"target\":\"https:\/\/makedoniapalaceboat.gr\/ro\/?s={search_term_string}\",\"query-input\":\"required name=search_term_string\"}],\"inLanguage\":\"ro-RO\"},{\"@type\":\"ImageObject\",\"@id\":\"https:\/\/makedoniapalaceboat.gr\/ro\/rezervare\/#primaryimage\",\"inLanguage\":\"ro-RO\",\"url\":\"https:\/\/makedoniapalaceboat.gr\/wp-content\/uploads\/2020\/01\/lefkascruises-2018-makedonia-palace-porto-katsiki.jpg\",\"contentUrl\":\"https:\/\/makedoniapalaceboat.gr\/wp-content\/uploads\/2020\/01\/lefkascruises-2018-makedonia-palace-porto-katsiki.jpg\",\"width\":1918,\"height\":1078},{\"@type\":\"WebPage\",\"@id\":\"https:\/\/makedoniapalaceboat.gr\/ro\/rezervare\/#webpage\",\"url\":\"https:\/\/makedoniapalaceboat.gr\/ro\/rezervare\/\",\"name\":\"Rezervare - Makedonia Palace Boat - Lefkada Daily Cruises\",\"isPartOf\":{\"@id\":\"https:\/\/makedoniapalaceboat.gr\/ro\/#website\"},\"primaryImageOfPage\":{\"@id\":\"https:\/\/makedoniapalaceboat.gr\/ro\/rezervare\/#primaryimage\"},\"datePublished\":\"2020-01-18T19:01:20+00:00\",\"dateModified\":\"2026-01-27T09:12:25+00:00\",\"description\":\"Rezervarea croazierei Lefkada Daily. Palatul Makedonia v\\u0103 ofer\\u0103 cea mai bun\\u0103 croazier\\u0103 zilnic\\u0103 la Marea Ionic\\u0103. Cu mai mult de 35 de ani de experien\\u021b\\u0103!\",\"breadcrumb\":{\"@id\":\"https:\/\/makedoniapalaceboat.gr\/ro\/rezervare\/#breadcrumb\"},\"inLanguage\":\"ro-RO\",\"potentialAction\":[{\"@type\":\"ReadAction\",\"target\":[\"https:\/\/makedoniapalaceboat.gr\/ro\/rezervare\/\"]}]},{\"@type\":\"BreadcrumbList\",\"@id\":\"https:\/\/makedoniapalaceboat.gr\/ro\/rezervare\/#breadcrumb\",\"itemListElement\":[{\"@type\":\"ListItem\",\"position\":1,\"item\":{\"@type\":\"WebPage\",\"@id\":\"https:\/\/makedoniapalaceboat.gr\/ro\/\",\"url\":\"https:\/\/makedoniapalaceboat.gr\/ro\/\",\"name\":\"Home\"}},{\"@type\":\"ListItem\",\"position\":2,\"item\":{\"@id\":\"https:\/\/makedoniapalaceboat.gr\/ro\/rezervare\/#webpage\"}}]}]}<\/script>\n<!-- \/ Yoast SEO plugin. -->","_links":{"self":[{"href":"https:\/\/makedoniapalaceboat.gr\/ro\/wp-json\/wp\/v2\/pages\/1067"}],"collection":[{"href":"https:\/\/makedoniapalaceboat.gr\/ro\/wp-json\/wp\/v2\/pages"}],"about":[{"href":"https:\/\/makedoniapalaceboat.gr\/ro\/wp-json\/wp\/v2\/types\/page"}],"author":[{"embeddable":true,"href":"https:\/\/makedoniapalaceboat.gr\/ro\/wp-json\/wp\/v2\/users\/1"}],"replies":[{"embeddable":true,"href":"https:\/\/makedoniapalaceboat.gr\/ro\/wp-json\/wp\/v2\/comments?post=1067"}],"version-history":[{"count":5,"href":"https:\/\/makedoniapalaceboat.gr\/ro\/wp-json\/wp\/v2\/pages\/1067\/revisions"}],"predecessor-version":[{"id":1521,"href":"https:\/\/makedoniapalaceboat.gr\/ro\/wp-json\/wp\/v2\/pages\/1067\/revisions\/1521"}],"wp:featuredmedia":[{"embeddable":true,"href":"https:\/\/makedoniapalaceboat.gr\/ro\/wp-json\/wp\/v2\/media\/716"}],"wp:attachment":[{"href":"https:\/\/makedoniapalaceboat.gr\/ro\/wp-json\/wp\/v2\/media?parent=1067"}],"curies":[{"name":"wp","href":"https:\/\/api.w.org\/{rel}","templated":true}]}}