{"id":1062,"date":"2020-01-18T18:18:09","date_gmt":"2020-01-18T18:18:09","guid":{"rendered":"https:\/\/makedoniapalaceboat.gr\/lefkada-daily-cruise\/"},"modified":"2026-02-09T14:01:51","modified_gmt":"2026-02-09T12:01:51","slug":"croaziera-zilnica-lefkada","status":"publish","type":"page","link":"https:\/\/makedoniapalaceboat.gr\/ro\/croaziera-zilnica-lefkada\/","title":{"rendered":"Croaziera zilnic\u0103 Lefkada"},"content":{"rendered":"","protected":false},"excerpt":{"rendered":"","protected":false},"author":1,"featured_media":740,"parent":0,"menu_order":0,"comment_status":"closed","ping_status":"closed","template":"","meta":{"footnotes":""},"yoast_head":"<!-- This site is optimized with the Yoast SEO plugin v16.4 - https:\/\/yoast.com\/wordpress\/plugins\/seo\/ -->\n<title>Croaziera zilnic\u0103 Lefkada - Makedonia Palace Boat - Lefkada Daily Cruises<\/title>\n<meta name=\"description\" content=\"Croaziera zilnic\u0103 Lefkada. Explora\u021bi Marea Ionic\u0103 cu cea mai bun\u0103 echip\u0103! Explora\u021bi uimitoarea plaj\u0103 Porto Katsiki, minunata plaj\u0103 Egremni, Afales, insula Scorpios\" \/>\n<meta name=\"robots\" content=\"index, follow, max-snippet:-1, max-image-preview:large, max-video-preview:-1\" \/>\n<link rel=\"canonical\" href=\"https:\/\/makedoniapalaceboat.gr\/ro\/croaziera-zilnica-lefkada\/\" \/>\n<meta property=\"og:locale\" content=\"ro_RO\" \/>\n<meta property=\"og:type\" content=\"article\" \/>\n<meta property=\"og:title\" content=\"Croaziera zilnic\u0103 Lefkada - Makedonia Palace Boat - Lefkada Daily Cruises\" \/>\n<meta property=\"og:description\" content=\"Croaziera zilnic\u0103 Lefkada. Explora\u021bi Marea Ionic\u0103 cu cea mai bun\u0103 echip\u0103! Explora\u021bi uimitoarea plaj\u0103 Porto Katsiki, minunata plaj\u0103 Egremni, Afales, insula Scorpios\" \/>\n<meta property=\"og:url\" content=\"https:\/\/makedoniapalaceboat.gr\/ro\/croaziera-zilnica-lefkada\/\" \/>\n<meta property=\"og:site_name\" content=\"Makedonia Palace Boat - Lefkada Daily Cruises\" \/>\n<meta property=\"article:modified_time\" content=\"2026-02-09T12:01:51+00:00\" \/>\n<meta property=\"og:image\" content=\"https:\/\/makedoniapalaceboat.gr\/wp-content\/uploads\/2020\/01\/lefkascruises-seven-islands-cruises-daily-cruises-lefkada-makedonia-palace-2017-10.jpg\" \/>\n\t<meta property=\"og:image:width\" content=\"1920\" \/>\n\t<meta property=\"og:image:height\" content=\"1280\" \/>\n<meta name=\"twitter:card\" content=\"summary_large_image\" \/>\n<script type=\"application\/ld+json\" class=\"yoast-schema-graph\">{\"@context\":\"https:\/\/schema.org\",\"@graph\":[{\"@type\":\"WebSite\",\"@id\":\"https:\/\/makedoniapalaceboat.gr\/ro\/#website\",\"url\":\"https:\/\/makedoniapalaceboat.gr\/ro\/\",\"name\":\"Makedonia Palace Boat - Lefkada Daily Cruises\",\"description\":\"Makedonia Palace Boat - Lefkada Daily Cruises\",\"potentialAction\":[{\"@type\":\"SearchAction\",\"target\":\"https:\/\/makedoniapalaceboat.gr\/ro\/?s={search_term_string}\",\"query-input\":\"required name=search_term_string\"}],\"inLanguage\":\"ro-RO\"},{\"@type\":\"ImageObject\",\"@id\":\"https:\/\/makedoniapalaceboat.gr\/ro\/croaziera-zilnica-lefkada\/#primaryimage\",\"inLanguage\":\"ro-RO\",\"url\":\"https:\/\/makedoniapalaceboat.gr\/wp-content\/uploads\/2020\/01\/lefkascruises-seven-islands-cruises-daily-cruises-lefkada-makedonia-palace-2017-10.jpg\",\"contentUrl\":\"https:\/\/makedoniapalaceboat.gr\/wp-content\/uploads\/2020\/01\/lefkascruises-seven-islands-cruises-daily-cruises-lefkada-makedonia-palace-2017-10.jpg\",\"width\":1920,\"height\":1280},{\"@type\":\"WebPage\",\"@id\":\"https:\/\/makedoniapalaceboat.gr\/ro\/croaziera-zilnica-lefkada\/#webpage\",\"url\":\"https:\/\/makedoniapalaceboat.gr\/ro\/croaziera-zilnica-lefkada\/\",\"name\":\"Croaziera zilnic\\u0103 Lefkada - Makedonia Palace Boat - Lefkada Daily Cruises\",\"isPartOf\":{\"@id\":\"https:\/\/makedoniapalaceboat.gr\/ro\/#website\"},\"primaryImageOfPage\":{\"@id\":\"https:\/\/makedoniapalaceboat.gr\/ro\/croaziera-zilnica-lefkada\/#primaryimage\"},\"datePublished\":\"2020-01-18T18:18:09+00:00\",\"dateModified\":\"2026-02-09T12:01:51+00:00\",\"description\":\"Croaziera zilnic\\u0103 Lefkada. Explora\\u021bi Marea Ionic\\u0103 cu cea mai bun\\u0103 echip\\u0103! Explora\\u021bi uimitoarea plaj\\u0103 Porto Katsiki, minunata plaj\\u0103 Egremni, Afales, insula Scorpios\",\"breadcrumb\":{\"@id\":\"https:\/\/makedoniapalaceboat.gr\/ro\/croaziera-zilnica-lefkada\/#breadcrumb\"},\"inLanguage\":\"ro-RO\",\"potentialAction\":[{\"@type\":\"ReadAction\",\"target\":[\"https:\/\/makedoniapalaceboat.gr\/ro\/croaziera-zilnica-lefkada\/\"]}]},{\"@type\":\"BreadcrumbList\",\"@id\":\"https:\/\/makedoniapalaceboat.gr\/ro\/croaziera-zilnica-lefkada\/#breadcrumb\",\"itemListElement\":[{\"@type\":\"ListItem\",\"position\":1,\"item\":{\"@type\":\"WebPage\",\"@id\":\"https:\/\/makedoniapalaceboat.gr\/ro\/\",\"url\":\"https:\/\/makedoniapalaceboat.gr\/ro\/\",\"name\":\"Home\"}},{\"@type\":\"ListItem\",\"position\":2,\"item\":{\"@id\":\"https:\/\/makedoniapalaceboat.gr\/ro\/croaziera-zilnica-lefkada\/#webpage\"}}]}]}<\/script>\n<!-- \/ Yoast SEO plugin. -->","_links":{"self":[{"href":"https:\/\/makedoniapalaceboat.gr\/ro\/wp-json\/wp\/v2\/pages\/1062"}],"collection":[{"href":"https:\/\/makedoniapalaceboat.gr\/ro\/wp-json\/wp\/v2\/pages"}],"about":[{"href":"https:\/\/makedoniapalaceboat.gr\/ro\/wp-json\/wp\/v2\/types\/page"}],"author":[{"embeddable":true,"href":"https:\/\/makedoniapalaceboat.gr\/ro\/wp-json\/wp\/v2\/users\/1"}],"replies":[{"embeddable":true,"href":"https:\/\/makedoniapalaceboat.gr\/ro\/wp-json\/wp\/v2\/comments?post=1062"}],"version-history":[{"count":5,"href":"https:\/\/makedoniapalaceboat.gr\/ro\/wp-json\/wp\/v2\/pages\/1062\/revisions"}],"predecessor-version":[{"id":1540,"href":"https:\/\/makedoniapalaceboat.gr\/ro\/wp-json\/wp\/v2\/pages\/1062\/revisions\/1540"}],"wp:featuredmedia":[{"embeddable":true,"href":"https:\/\/makedoniapalaceboat.gr\/ro\/wp-json\/wp\/v2\/media\/740"}],"wp:attachment":[{"href":"https:\/\/makedoniapalaceboat.gr\/ro\/wp-json\/wp\/v2\/media?parent=1062"}],"curies":[{"name":"wp","href":"https:\/\/api.w.org\/{rel}","templated":true}]}}